{"id":199,"date":"2020-09-20T19:22:39","date_gmt":"2020-09-20T17:22:39","guid":{"rendered":"https:\/\/www.tiring.si\/cookies\/"},"modified":"2020-09-28T14:51:45","modified_gmt":"2020-09-28T12:51:45","slug":"cookies","status":"publish","type":"page","link":"https:\/\/www.tiring.si\/en\/cookies\/","title":{"rendered":"Cookies"},"content":{"rendered":"<div class=\"wpb-content-wrapper\"><p>[vc_row row_height_percent=&#8221;0&#8243; override_padding=&#8221;yes&#8221; h_padding=&#8221;2&#8243; top_padding=&#8221;3&#8243; bottom_padding=&#8221;3&#8243; overlay_alpha=&#8221;50&#8243; gutter_size=&#8221;3&#8243; column_width_percent=&#8221;100&#8243; shift_y=&#8221;0&#8243; z_index=&#8221;0&#8243;][vc_column width=&#8221;1\/1&#8243;][vc_column_text]The new Electronic Communications Act ZEKom-1 (Official Gazette No. 109\/2012) introduced new rules on the use of cookies and similar technologies for storing information or access to information stored on a user&#8217;s computer or mobile device. Cookies are fundamental for providing functionality that requires more than one visit to the server, as it is necessary to identify or separate individual users of services in order to successfully set up a session. In addition, the interaction between the web user and the website with the help of cookies is faster and easier. With their help, the site remembers the individual&#8217;s preferences and experiences, thus saving time and making browsing the sites more efficient and user-friendly. This data does not provide insight into the personal data of users, it only allows the analysis of common information, which allows the company to improve the content of the website. However, each user decides whether to allow the storage of cookies on their device.[\/vc_column_text][vc_column_text]<\/p>\n<h4>What are cookies?<\/h4>\n<p>Cookies are simple text files that some web pages save to your computer via browser and store some non-personal information. This is how website recognizes your device on future visits.<\/p>\n<h4>Cookies on www.tiring.si<\/h4>\n<p>Website www.tiring.si uses the following cookies:<\/p>\n<table>\n<tbody>\n<tr>\n<th>Name<\/th>\n<th>Expiry<\/th>\n<th>Purpose<\/th>\n<\/tr>\n<tr>\n<td><strong>_utma<\/strong><br \/><strong>_utmb<\/strong><br \/><strong>_utmc<\/strong><br \/><strong>_utmt<\/strong><br \/><strong>_utmv<\/strong><br \/><strong>_utmz<\/strong><\/td>\n<td>2\u00a0years<br \/>1\u00a0minute<br \/>24\u00a0hours<\/td>\n<td>These cookies are set by Google Analytics (Google Inc.) to record page visits (<a href=\"https:\/\/developers.google.com\/analytics\/devguides\/collection\/gtagjs\/cookie-usage\" target=\"_blank\" rel=\"noopener noreferrer\">details<\/a>). They do not contain any personal information. Visitor\u2019s IP address is not disclosed.<br \/><a href=\"https:\/\/www.google.com\/intl\/en\/policies\/privacy\/\" target=\"_blank\" rel=\"noopener noreferrer\">Privacy policy<\/a>\u00a0\u2013\u00a0<a href=\"https:\/\/tools.google.com\/dlpage\/gaoptout\" target=\"_blank\" rel=\"noopener noreferrer\">Opt out<\/a>.<\/td>\n<\/tr>\n<tr>\n<td><strong>uncodeAI.css<\/strong><br \/><strong>uncodeAI.images<\/strong><br \/><strong>uncodeAI.screen<\/strong><\/td>\n<td>Session<\/td>\n<td>These cookies contain runtime informations about the viewport and screen resolution, these datas are used on any page refresh to calculate the correct Adaptive Images. No personal informations are stored within these cookies.<\/td>\n<\/tr>\n<tr>\n<td><strong>uncode_privacy[privacy_bar]<\/strong><br \/><strong>uncode_privacy[consent_types]<\/strong><\/td>\n<td>1\u00a0year<br \/>1\u00a0year<\/td>\n<td>The first cookie contains information about your decision on how to accept cookies and ensures that the cookie notification is not displayed anymore during the time period. The second cookie keeps track of your privacy settings. None contains personal information.<\/td>\n<\/tr>\n<\/tbody>\n<\/table>\n<p>Since we respect your right to privacy, you can choose not to permit data collection from certain types of services. However, not allowing these services may impact your experience.[\/vc_column_text][vc_button button_color=&#8221;accent&#8221; border_width=&#8221;0&#8243; el_class=&#8221;gdpr-preferences&#8221;]Privacy Preferences[\/vc_button][vc_column_text]Please contact us if there are any problems or questions at <a href=\"mailto:tiring@tiring.si\">tiring@tiring.si<\/a>.<\/p>\n<h4>Cookie settings in your browser<\/h4>\n<p>Browsers allow cookies by default. To delete cookies or to modify browser settings in this regard, follow these instructions for each of the most common browsers.<\/p>\n<ul>\n<li><a href=\"https:\/\/support.microsoft.com\/en-gb\/help\/17442\/windows-internet-explorer-delete-manage-cookies\" target=\"_blank\" rel=\"noopener noreferrer\">Internet Explorer<\/a><\/li>\n<li><a href=\"https:\/\/support.mozilla.org\/en-US\/kb\/enable-and-disable-cookies-website-preferences\" target=\"_blank\" rel=\"noopener noreferrer\">Firefox<\/a><\/li>\n<li><a href=\"https:\/\/support.google.com\/chrome\/answer\/95647?hl=en-GB\" target=\"_blank\" rel=\"noopener noreferrer\">Chrome<\/a><\/li>\n<li><a href=\"http:\/\/www.opera.com\/help\/tutorials\/security\/privacy\/\" target=\"_blank\" rel=\"noopener noreferrer\">Opera<\/a><\/li>\n<li><a href=\"https:\/\/support.apple.com\/guide\/safari\/manage-cookies-and-website-data-sfri11471\/mac\" target=\"_blank\" rel=\"noopener noreferrer\">Safari<\/a><\/li>\n<\/ul>\n<p>When you set up which cookies you want to accept and which ones to reject, website will strictly follow that information. You can delete existing cookies using your browser.<\/p>\n<p>[\/vc_column_text][\/vc_column][\/vc_row]<\/p>\n<\/div>","protected":false},"excerpt":{"rendered":"<p>[vc_row row_height_percent=&#8221;0&#8243; override_padding=&#8221;yes&#8221; h_padding=&#8221;2&#8243; top_padding=&#8221;3&#8243; bottom_padding=&#8221;3&#8243; overlay_alpha=&#8221;50&#8243; gutter_size=&#8221;3&#8243; column_width_percent=&#8221;100&#8243; shift_y=&#8221;0&#8243; z_index=&#8221;0&#8243;][vc_column width=&#8221;1\/1&#8243;][vc_column_text]The new Electronic Communications Act ZEKom-1 (Official Gazette No. [&hellip;]<\/p>\n","protected":false},"author":1,"featured_media":0,"parent":0,"menu_order":12,"comment_status":"closed","ping_status":"closed","template":"","meta":{"footnotes":""},"class_list":["post-199","page","type-page","status-publish","hentry"],"yoast_head":"<!-- This site is optimized with the Yoast SEO plugin v26.1.1 - https:\/\/yoast.com\/wordpress\/plugins\/seo\/ -->\n<title>Cookies - TIRING<\/title>\n<meta name=\"robots\" content=\"index, follow, max-snippet:-1, max-image-preview:large, max-video-preview:-1\" \/>\n<link rel=\"canonical\" href=\"https:\/\/www.tiring.si\/en\/cookies\/\" \/>\n<meta property=\"og:locale\" content=\"en_US\" \/>\n<meta property=\"og:type\" content=\"article\" \/>\n<meta property=\"og:title\" content=\"Cookies - TIRING\" \/>\n<meta property=\"og:description\" content=\"[vc_row row_height_percent=&#8221;0&#8243; override_padding=&#8221;yes&#8221; h_padding=&#8221;2&#8243; top_padding=&#8221;3&#8243; bottom_padding=&#8221;3&#8243; overlay_alpha=&#8221;50&#8243; gutter_size=&#8221;3&#8243; column_width_percent=&#8221;100&#8243; shift_y=&#8221;0&#8243; z_index=&#8221;0&#8243;][vc_column width=&#8221;1\/1&#8243;][vc_column_text]The new Electronic Communications Act ZEKom-1 (Official Gazette No. [&hellip;]\" \/>\n<meta property=\"og:url\" content=\"https:\/\/www.tiring.si\/en\/cookies\/\" \/>\n<meta property=\"og:site_name\" content=\"TIRING\" \/>\n<meta property=\"article:modified_time\" content=\"2020-09-28T12:51:45+00:00\" \/>\n<meta name=\"twitter:card\" content=\"summary_large_image\" \/>\n<meta name=\"twitter:label1\" content=\"Est. reading time\" \/>\n\t<meta name=\"twitter:data1\" content=\"3 minutes\" \/>\n<script type=\"application\/ld+json\" class=\"yoast-schema-graph\">{\"@context\":\"https:\/\/schema.org\",\"@graph\":[{\"@type\":\"WebPage\",\"@id\":\"https:\/\/www.tiring.si\/en\/cookies\/\",\"url\":\"https:\/\/www.tiring.si\/en\/cookies\/\",\"name\":\"Cookies - TIRING\",\"isPartOf\":{\"@id\":\"https:\/\/www.tiring.si\/en\/#website\"},\"datePublished\":\"2020-09-20T17:22:39+00:00\",\"dateModified\":\"2020-09-28T12:51:45+00:00\",\"breadcrumb\":{\"@id\":\"https:\/\/www.tiring.si\/en\/cookies\/#breadcrumb\"},\"inLanguage\":\"en-US\",\"potentialAction\":[{\"@type\":\"ReadAction\",\"target\":[\"https:\/\/www.tiring.si\/en\/cookies\/\"]}]},{\"@type\":\"BreadcrumbList\",\"@id\":\"https:\/\/www.tiring.si\/en\/cookies\/#breadcrumb\",\"itemListElement\":[{\"@type\":\"ListItem\",\"position\":1,\"name\":\"Home\",\"item\":\"https:\/\/www.tiring.si\/en\/\"},{\"@type\":\"ListItem\",\"position\":2,\"name\":\"Cookies\"}]},{\"@type\":\"WebSite\",\"@id\":\"https:\/\/www.tiring.si\/en\/#website\",\"url\":\"https:\/\/www.tiring.si\/en\/\",\"name\":\"TIRING\",\"description\":\"\u017delezni\u0161ki in\u017eeniring\",\"publisher\":{\"@id\":\"https:\/\/www.tiring.si\/en\/#organization\"},\"potentialAction\":[{\"@type\":\"SearchAction\",\"target\":{\"@type\":\"EntryPoint\",\"urlTemplate\":\"https:\/\/www.tiring.si\/en\/?s={search_term_string}\"},\"query-input\":{\"@type\":\"PropertyValueSpecification\",\"valueRequired\":true,\"valueName\":\"search_term_string\"}}],\"inLanguage\":\"en-US\"},{\"@type\":\"Organization\",\"@id\":\"https:\/\/www.tiring.si\/en\/#organization\",\"name\":\"TIRING\",\"url\":\"https:\/\/www.tiring.si\/en\/\",\"logo\":{\"@type\":\"ImageObject\",\"inLanguage\":\"en-US\",\"@id\":\"https:\/\/www.tiring.si\/en\/#\/schema\/logo\/image\/\",\"url\":\"https:\/\/www.tiring.si\/wp-content\/uploads\/2020\/09\/tiring_logo_blue.svg\",\"contentUrl\":\"https:\/\/www.tiring.si\/wp-content\/uploads\/2020\/09\/tiring_logo_blue.svg\",\"width\":180,\"height\":40,\"caption\":\"TIRING\"},\"image\":{\"@id\":\"https:\/\/www.tiring.si\/en\/#\/schema\/logo\/image\/\"}}]}<\/script>\n<!-- \/ Yoast SEO plugin. -->","yoast_head_json":{"title":"Cookies - TIRING","robots":{"index":"index","follow":"follow","max-snippet":"max-snippet:-1","max-image-preview":"max-image-preview:large","max-video-preview":"max-video-preview:-1"},"canonical":"https:\/\/www.tiring.si\/en\/cookies\/","og_locale":"en_US","og_type":"article","og_title":"Cookies - TIRING","og_description":"[vc_row row_height_percent=&#8221;0&#8243; override_padding=&#8221;yes&#8221; h_padding=&#8221;2&#8243; top_padding=&#8221;3&#8243; bottom_padding=&#8221;3&#8243; overlay_alpha=&#8221;50&#8243; gutter_size=&#8221;3&#8243; column_width_percent=&#8221;100&#8243; shift_y=&#8221;0&#8243; z_index=&#8221;0&#8243;][vc_column width=&#8221;1\/1&#8243;][vc_column_text]The new Electronic Communications Act ZEKom-1 (Official Gazette No. [&hellip;]","og_url":"https:\/\/www.tiring.si\/en\/cookies\/","og_site_name":"TIRING","article_modified_time":"2020-09-28T12:51:45+00:00","twitter_card":"summary_large_image","twitter_misc":{"Est. reading time":"3 minutes"},"schema":{"@context":"https:\/\/schema.org","@graph":[{"@type":"WebPage","@id":"https:\/\/www.tiring.si\/en\/cookies\/","url":"https:\/\/www.tiring.si\/en\/cookies\/","name":"Cookies - TIRING","isPartOf":{"@id":"https:\/\/www.tiring.si\/en\/#website"},"datePublished":"2020-09-20T17:22:39+00:00","dateModified":"2020-09-28T12:51:45+00:00","breadcrumb":{"@id":"https:\/\/www.tiring.si\/en\/cookies\/#breadcrumb"},"inLanguage":"en-US","potentialAction":[{"@type":"ReadAction","target":["https:\/\/www.tiring.si\/en\/cookies\/"]}]},{"@type":"BreadcrumbList","@id":"https:\/\/www.tiring.si\/en\/cookies\/#breadcrumb","itemListElement":[{"@type":"ListItem","position":1,"name":"Home","item":"https:\/\/www.tiring.si\/en\/"},{"@type":"ListItem","position":2,"name":"Cookies"}]},{"@type":"WebSite","@id":"https:\/\/www.tiring.si\/en\/#website","url":"https:\/\/www.tiring.si\/en\/","name":"TIRING","description":"\u017delezni\u0161ki in\u017eeniring","publisher":{"@id":"https:\/\/www.tiring.si\/en\/#organization"},"potentialAction":[{"@type":"SearchAction","target":{"@type":"EntryPoint","urlTemplate":"https:\/\/www.tiring.si\/en\/?s={search_term_string}"},"query-input":{"@type":"PropertyValueSpecification","valueRequired":true,"valueName":"search_term_string"}}],"inLanguage":"en-US"},{"@type":"Organization","@id":"https:\/\/www.tiring.si\/en\/#organization","name":"TIRING","url":"https:\/\/www.tiring.si\/en\/","logo":{"@type":"ImageObject","inLanguage":"en-US","@id":"https:\/\/www.tiring.si\/en\/#\/schema\/logo\/image\/","url":"https:\/\/www.tiring.si\/wp-content\/uploads\/2020\/09\/tiring_logo_blue.svg","contentUrl":"https:\/\/www.tiring.si\/wp-content\/uploads\/2020\/09\/tiring_logo_blue.svg","width":180,"height":40,"caption":"TIRING"},"image":{"@id":"https:\/\/www.tiring.si\/en\/#\/schema\/logo\/image\/"}}]}},"_links":{"self":[{"href":"https:\/\/www.tiring.si\/en\/wp-json\/wp\/v2\/pages\/199","targetHints":{"allow":["GET"]}}],"collection":[{"href":"https:\/\/www.tiring.si\/en\/wp-json\/wp\/v2\/pages"}],"about":[{"href":"https:\/\/www.tiring.si\/en\/wp-json\/wp\/v2\/types\/page"}],"author":[{"embeddable":true,"href":"https:\/\/www.tiring.si\/en\/wp-json\/wp\/v2\/users\/1"}],"replies":[{"embeddable":true,"href":"https:\/\/www.tiring.si\/en\/wp-json\/wp\/v2\/comments?post=199"}],"version-history":[{"count":12,"href":"https:\/\/www.tiring.si\/en\/wp-json\/wp\/v2\/pages\/199\/revisions"}],"predecessor-version":[{"id":213,"href":"https:\/\/www.tiring.si\/en\/wp-json\/wp\/v2\/pages\/199\/revisions\/213"}],"wp:attachment":[{"href":"https:\/\/www.tiring.si\/en\/wp-json\/wp\/v2\/media?parent=199"}],"curies":[{"name":"wp","href":"https:\/\/api.w.org\/{rel}","templated":true}]}}