{"id":163,"date":"2020-09-19T22:46:43","date_gmt":"2020-09-19T20:46:43","guid":{"rendered":"https:\/\/www.tiring.si\/contact\/"},"modified":"2020-10-01T19:15:02","modified_gmt":"2020-10-01T17:15:02","slug":"contact","status":"publish","type":"page","link":"https:\/\/www.tiring.si\/en\/contact\/","title":{"rendered":"Contact"},"content":{"rendered":"<div class=\"wpb-content-wrapper\"><p>[vc_row row_height_percent=&#8221;0&#8243; override_padding=&#8221;yes&#8221; h_padding=&#8221;2&#8243; top_padding=&#8221;4&#8243; bottom_padding=&#8221;4&#8243; back_image=&#8221;23&#8243; overlay_color=&#8221;color-jevc&#8221; overlay_alpha=&#8221;50&#8243; gutter_size=&#8221;3&#8243; column_width_percent=&#8221;100&#8243; shift_y=&#8221;0&#8243; z_index=&#8221;0&#8243;][vc_column column_width_percent=&#8221;100&#8243; gutter_size=&#8221;3&#8243; style=&#8221;dark&#8221; overlay_alpha=&#8221;50&#8243; shift_x=&#8221;0&#8243; shift_y=&#8221;0&#8243; shift_y_down=&#8221;0&#8243; z_index=&#8221;0&#8243; medium_width=&#8221;0&#8243; mobile_width=&#8221;0&#8243; width=&#8221;1\/1&#8243;][vc_custom_heading heading_semantic=&#8221;h1&#8243; text_size=&#8221;h1&#8243; text_weight=&#8221;200&#8243; text_transform=&#8221;uppercase&#8221; text_space=&#8221;fontspace-792175&#8243; sub_lead=&#8221;yes&#8221; sub_reduced=&#8221;yes&#8221; subheading=&#8221;Choose the easiest way and get in touch with us.&#8221;]Connect with us[\/vc_custom_heading][\/vc_column][\/vc_row][vc_row row_height_percent=&#8221;0&#8243; override_padding=&#8221;yes&#8221; h_padding=&#8221;2&#8243; top_padding=&#8221;3&#8243; bottom_padding=&#8221;3&#8243; back_color=&#8221;color-lxmt&#8221; overlay_alpha=&#8221;50&#8243; gutter_size=&#8221;3&#8243; column_width_percent=&#8221;100&#8243; shift_y=&#8221;0&#8243; z_index=&#8221;0&#8243;][vc_column width=&#8221;1\/2&#8243;][vc_column_text]We invite you to ask us a question or send us a message using the contact form. We will be happy to send you a reply or a non-binding offer. For all questions, we are also available on the telephone number +386 1 562 35 55 or email <a href=\"mailto:tiring@tiring.si\">tiring@tiring.si<\/a>.[\/vc_column_text][vc_row_inner][vc_column_inner width=&#8221;1\/3&#8243;][vc_icon icon=&#8221;fa fa-map-pin&#8221; icon_color=&#8221;accent&#8221; size=&#8221;fa-2x&#8221; heading_semantic=&#8221;h4&#8243; text_size=&#8221;h6&#8243; text_space=&#8221;fontspace-792175&#8243; text_reduced=&#8221;yes&#8221; title=&#8221;LOCATION&#8221;]Motnica 11 SI-1236 Trzin Slovenia[\/vc_icon][\/vc_column_inner][vc_column_inner width=&#8221;1\/3&#8243;][vc_icon icon=&#8221;fa fa-phone2&#8243; icon_color=&#8221;accent&#8221; size=&#8221;fa-2x&#8221; heading_semantic=&#8221;h4&#8243; text_size=&#8221;h6&#8243; text_space=&#8221;fontspace-792175&#8243; text_reduced=&#8221;yes&#8221; title=&#8221;CONTACT&#8221;]T\/F +386 1 562 35 55 <a href=\"mailto:tiring@tiring.si\">tiring@tiring.si<\/a> <a href=\"https:\/\/www.tiring.si\/en\/\">www.tiring.si<\/a>[\/vc_icon][\/vc_column_inner][vc_column_inner width=&#8221;1\/3&#8243;][vc_icon icon=&#8221;fa fa-clock2&#8243; icon_color=&#8221;accent&#8221; size=&#8221;fa-2x&#8221; heading_semantic=&#8221;h4&#8243; text_size=&#8221;h6&#8243; text_space=&#8221;fontspace-792175&#8243; text_reduced=&#8221;yes&#8221; title=&#8221;WORKING HOURS&#8221;]Mon\u2013Fri 8:00\u201316:00 Sat\/Sun closed[\/vc_icon][\/vc_column_inner][\/vc_row_inner][\/vc_column][vc_column width=&#8221;1\/2&#8243;]\n<div class=\"wpcf7 no-js\" id=\"wpcf7-f156-o1\" lang=\"en-US\" dir=\"ltr\" data-wpcf7-id=\"156\">\n<div class=\"screen-reader-response\"><p role=\"status\" aria-live=\"polite\" aria-atomic=\"true\"><\/p> <ul><\/ul><\/div>\n<form action=\"\/en\/wp-json\/wp\/v2\/pages\/163#wpcf7-f156-o1\" method=\"post\" class=\"wpcf7-form init\" aria-label=\"Contact form\" novalidate=\"novalidate\" data-status=\"init\">\n<fieldset class=\"hidden-fields-container\"><input type=\"hidden\" name=\"_wpcf7\" value=\"156\" \/><input type=\"hidden\" name=\"_wpcf7_version\" value=\"6.1.2\" \/><input type=\"hidden\" name=\"_wpcf7_locale\" value=\"en_US\" \/><input type=\"hidden\" name=\"_wpcf7_unit_tag\" value=\"wpcf7-f156-o1\" \/><input type=\"hidden\" name=\"_wpcf7_container_post\" value=\"0\" \/><input type=\"hidden\" name=\"_wpcf7_posted_data_hash\" value=\"\" \/><input type=\"hidden\" name=\"_wpcf7_recaptcha_response\" value=\"\" \/>\n<\/fieldset>\n<div class=\"wpcf7-inline-wrapper\">\n\t<p class=\"wpcf7-inline-field\"><span class=\"wpcf7-form-control-wrap\" data-name=\"tiring-name\"><input size=\"40\" maxlength=\"400\" class=\"wpcf7-form-control wpcf7-text wpcf7-validates-as-required\" aria-required=\"true\" aria-invalid=\"false\" placeholder=\"Your full name*\" value=\"\" type=\"text\" name=\"tiring-name\" \/><\/span>\n\t<\/p>\n\t<p class=\"wpcf7-inline-field\"><span class=\"wpcf7-form-control-wrap\" data-name=\"tiring-company\"><input size=\"40\" maxlength=\"400\" class=\"wpcf7-form-control wpcf7-text\" aria-invalid=\"false\" placeholder=\"Company\" value=\"\" type=\"text\" name=\"tiring-company\" \/><\/span>\n\t<\/p>\n<\/div>\n<div class=\"wpcf7-inline-wrapper\">\n\t<p class=\"wpcf7-inline-field\"><span class=\"wpcf7-form-control-wrap\" data-name=\"tiring-email\"><input size=\"40\" maxlength=\"400\" class=\"wpcf7-form-control wpcf7-email wpcf7-validates-as-required wpcf7-text wpcf7-validates-as-email\" aria-required=\"true\" aria-invalid=\"false\" placeholder=\"Email Address*\" value=\"\" type=\"email\" name=\"tiring-email\" \/><\/span>\n\t<\/p>\n\t<p class=\"wpcf7-inline-field\"><span class=\"wpcf7-form-control-wrap\" data-name=\"tiring-phone\"><input size=\"40\" maxlength=\"400\" class=\"wpcf7-form-control wpcf7-text\" aria-invalid=\"false\" placeholder=\"Phone number\" value=\"\" type=\"text\" name=\"tiring-phone\" \/><\/span>\n\t<\/p>\n<\/div>\n<p><span class=\"wpcf7-form-control-wrap\" data-name=\"tiring-message\"><textarea cols=\"40\" rows=\"5\" maxlength=\"2000\" class=\"wpcf7-form-control wpcf7-textarea wpcf7-validates-as-required\" aria-required=\"true\" aria-invalid=\"false\" placeholder=\"Your message\/inquiry*\" name=\"tiring-message\"><\/textarea><\/span>\n<\/p>\n<p><input class=\"wpcf7-form-control wpcf7-submit has-spinner btn btn-accent\" type=\"submit\" value=\"Submit\" \/>\n<\/p><div class=\"wpcf7-response-output\" aria-hidden=\"true\"><\/div>\n<\/form>\n<\/div>\n[\/vc_column][\/vc_row][vc_row row_height_percent=&#8221;0&#8243; override_padding=&#8221;yes&#8221; h_padding=&#8221;2&#8243; top_padding=&#8221;3&#8243; bottom_padding=&#8221;3&#8243; back_color=&#8221;color-140830&#8243; overlay_alpha=&#8221;50&#8243; gutter_size=&#8221;3&#8243; column_width_percent=&#8221;100&#8243; shift_y=&#8221;0&#8243; z_index=&#8221;0&#8243;][vc_column column_width_percent=&#8221;100&#8243; gutter_size=&#8221;3&#8243; style=&#8221;dark&#8221; overlay_alpha=&#8221;50&#8243; shift_x=&#8221;0&#8243; shift_y=&#8221;0&#8243; shift_y_down=&#8221;0&#8243; z_index=&#8221;0&#8243; medium_width=&#8221;0&#8243; mobile_width=&#8221;0&#8243; width=&#8221;1\/4&#8243;][vc_custom_heading heading_semantic=&#8221;h4&#8243; text_size=&#8221;h6&#8243; text_transform=&#8221;uppercase&#8221; text_space=&#8221;fontspace-792175&#8243; sub_reduced=&#8221;yes&#8221; subheading=&#8221;4.1.1993, Ljubljana District Court \\n M71.129 \u2013 Other engineering activities and related technical consultancy&#8221;]Registration[\/vc_custom_heading][\/vc_column][vc_column column_width_percent=&#8221;100&#8243; gutter_size=&#8221;2&#8243; style=&#8221;dark&#8221; overlay_alpha=&#8221;50&#8243; shift_x=&#8221;0&#8243; shift_y=&#8221;0&#8243; shift_y_down=&#8221;0&#8243; z_index=&#8221;0&#8243; medium_width=&#8221;0&#8243; mobile_width=&#8221;0&#8243; width=&#8221;1\/4&#8243;][vc_custom_heading heading_semantic=&#8221;h4&#8243; text_size=&#8221;h6&#8243; text_transform=&#8221;uppercase&#8221; text_space=&#8221;fontspace-792175&#8243; sub_reduced=&#8221;yes&#8221; subheading=&#8221;Stipe \u0160o\u0161o, in\u017e. grad., General Manager \\n Sta\u0161ko Humar, univ. dipl. in\u017e. grad., representative&#8221;]Management[\/vc_custom_heading][\/vc_column][vc_column column_width_percent=&#8221;100&#8243; gutter_size=&#8221;2&#8243; style=&#8221;dark&#8221; overlay_alpha=&#8221;50&#8243; shift_x=&#8221;0&#8243; shift_y=&#8221;0&#8243; shift_y_down=&#8221;0&#8243; z_index=&#8221;0&#8243; medium_width=&#8221;0&#8243; mobile_width=&#8221;0&#8243; width=&#8221;1\/4&#8243;][vc_custom_heading heading_semantic=&#8221;h4&#8243; text_size=&#8221;h6&#8243; text_transform=&#8221;uppercase&#8221; text_space=&#8221;fontspace-792175&#8243; sub_reduced=&#8221;yes&#8221; subheading=&#8221;Registration no. 581929 \\n VAT ID SI55093205&#8243;]Company information[\/vc_custom_heading][\/vc_column][vc_column column_width_percent=&#8221;100&#8243; gutter_size=&#8221;2&#8243; style=&#8221;dark&#8221; overlay_alpha=&#8221;50&#8243; shift_x=&#8221;0&#8243; shift_y=&#8221;0&#8243; shift_y_down=&#8221;0&#8243; z_index=&#8221;0&#8243; medium_width=&#8221;0&#8243; mobile_width=&#8221;0&#8243; width=&#8221;1\/4&#8243;][vc_custom_heading heading_semantic=&#8221;h4&#8243; text_size=&#8221;h6&#8243; text_transform=&#8221;uppercase&#8221; text_space=&#8221;fontspace-792175&#8243; sub_reduced=&#8221;yes&#8221; subheading=&#8221;SI56 0230 9002 0203 510 (NLB) \\n SI56 0313 1100 0313 312 (SKB)&#8221;]Business accounts[\/vc_custom_heading][\/vc_column][\/vc_row][vc_row unlock_row_content=&#8221;yes&#8221; row_height_percent=&#8221;0&#8243; override_padding=&#8221;yes&#8221; h_padding=&#8221;0&#8243; top_padding=&#8221;0&#8243; bottom_padding=&#8221;0&#8243; overlay_alpha=&#8221;50&#8243; equal_height=&#8221;yes&#8221; gutter_size=&#8221;0&#8243; column_width_percent=&#8221;100&#8243; shift_y=&#8221;0&#8243; z_index=&#8221;0&#8243;][vc_column width=&#8221;1\/2&#8243;][vc_gmaps ui_color=&#8221;accent&#8221; zoom=&#8221;16&#8243; map_saturation=&#8221;-100&#8243; map_brightness=&#8221;5&#8243; latlon=&#8221;46.117352, 14.548121&#8243; size=&#8221;500&#8243;][\/vc_column][vc_column column_width_percent=&#8221;100&#8243; gutter_size=&#8221;3&#8243; back_image=&#8221;90&#8243; overlay_alpha=&#8221;50&#8243; shift_x=&#8221;0&#8243; shift_y=&#8221;0&#8243; shift_y_down=&#8221;0&#8243; z_index=&#8221;0&#8243; medium_width=&#8221;0&#8243; mobile_width=&#8221;0&#8243; width=&#8221;1\/2&#8243;][\/vc_column][\/vc_row]<\/p>\n<\/div>","protected":false},"excerpt":{"rendered":"<p>[vc_row row_height_percent=&#8221;0&#8243; override_padding=&#8221;yes&#8221; h_padding=&#8221;2&#8243; top_padding=&#8221;4&#8243; bottom_padding=&#8221;4&#8243; back_image=&#8221;23&#8243; overlay_color=&#8221;color-jevc&#8221; overlay_alpha=&#8221;50&#8243; gutter_size=&#8221;3&#8243; column_width_percent=&#8221;100&#8243; shift_y=&#8221;0&#8243; z_index=&#8221;0&#8243;][vc_column column_width_percent=&#8221;100&#8243; gutter_size=&#8221;3&#8243; style=&#8221;dark&#8221; overlay_alpha=&#8221;50&#8243; shift_x=&#8221;0&#8243; shift_y=&#8221;0&#8243; shift_y_down=&#8221;0&#8243; [&hellip;]<\/p>\n","protected":false},"author":1,"featured_media":0,"parent":0,"menu_order":5,"comment_status":"closed","ping_status":"closed","template":"","meta":{"footnotes":""},"class_list":["post-163","page","type-page","status-publish","hentry"],"yoast_head":"<!-- This site is optimized with the Yoast SEO plugin v26.1.1 - https:\/\/yoast.com\/wordpress\/plugins\/seo\/ -->\n<title>Contact - TIRING<\/title>\n<meta name=\"robots\" content=\"index, follow, max-snippet:-1, max-image-preview:large, max-video-preview:-1\" \/>\n<link rel=\"canonical\" href=\"https:\/\/www.tiring.si\/en\/contact\/\" \/>\n<meta property=\"og:locale\" content=\"en_US\" \/>\n<meta property=\"og:type\" content=\"article\" \/>\n<meta property=\"og:title\" content=\"Contact - TIRING\" \/>\n<meta property=\"og:description\" content=\"[vc_row row_height_percent=&#8221;0&#8243; override_padding=&#8221;yes&#8221; h_padding=&#8221;2&#8243; top_padding=&#8221;4&#8243; bottom_padding=&#8221;4&#8243; back_image=&#8221;23&#8243; overlay_color=&#8221;color-jevc&#8221; overlay_alpha=&#8221;50&#8243; gutter_size=&#8221;3&#8243; column_width_percent=&#8221;100&#8243; shift_y=&#8221;0&#8243; z_index=&#8221;0&#8243;][vc_column column_width_percent=&#8221;100&#8243; gutter_size=&#8221;3&#8243; style=&#8221;dark&#8221; overlay_alpha=&#8221;50&#8243; shift_x=&#8221;0&#8243; shift_y=&#8221;0&#8243; shift_y_down=&#8221;0&#8243; [&hellip;]\" \/>\n<meta property=\"og:url\" content=\"https:\/\/www.tiring.si\/en\/contact\/\" \/>\n<meta property=\"og:site_name\" content=\"TIRING\" \/>\n<meta property=\"article:modified_time\" content=\"2020-10-01T17:15:02+00:00\" \/>\n<meta name=\"twitter:card\" content=\"summary_large_image\" \/>\n<meta name=\"twitter:label1\" content=\"Est. reading time\" \/>\n\t<meta name=\"twitter:data1\" content=\"3 minutes\" \/>\n<script type=\"application\/ld+json\" class=\"yoast-schema-graph\">{\"@context\":\"https:\/\/schema.org\",\"@graph\":[{\"@type\":\"WebPage\",\"@id\":\"https:\/\/www.tiring.si\/en\/contact\/\",\"url\":\"https:\/\/www.tiring.si\/en\/contact\/\",\"name\":\"Contact - TIRING\",\"isPartOf\":{\"@id\":\"https:\/\/www.tiring.si\/en\/#website\"},\"datePublished\":\"2020-09-19T20:46:43+00:00\",\"dateModified\":\"2020-10-01T17:15:02+00:00\",\"breadcrumb\":{\"@id\":\"https:\/\/www.tiring.si\/en\/contact\/#breadcrumb\"},\"inLanguage\":\"en-US\",\"potentialAction\":[{\"@type\":\"ReadAction\",\"target\":[\"https:\/\/www.tiring.si\/en\/contact\/\"]}]},{\"@type\":\"BreadcrumbList\",\"@id\":\"https:\/\/www.tiring.si\/en\/contact\/#breadcrumb\",\"itemListElement\":[{\"@type\":\"ListItem\",\"position\":1,\"name\":\"Home\",\"item\":\"https:\/\/www.tiring.si\/en\/\"},{\"@type\":\"ListItem\",\"position\":2,\"name\":\"Contact\"}]},{\"@type\":\"WebSite\",\"@id\":\"https:\/\/www.tiring.si\/en\/#website\",\"url\":\"https:\/\/www.tiring.si\/en\/\",\"name\":\"TIRING\",\"description\":\"\u017delezni\u0161ki in\u017eeniring\",\"publisher\":{\"@id\":\"https:\/\/www.tiring.si\/en\/#organization\"},\"potentialAction\":[{\"@type\":\"SearchAction\",\"target\":{\"@type\":\"EntryPoint\",\"urlTemplate\":\"https:\/\/www.tiring.si\/en\/?s={search_term_string}\"},\"query-input\":{\"@type\":\"PropertyValueSpecification\",\"valueRequired\":true,\"valueName\":\"search_term_string\"}}],\"inLanguage\":\"en-US\"},{\"@type\":\"Organization\",\"@id\":\"https:\/\/www.tiring.si\/en\/#organization\",\"name\":\"TIRING\",\"url\":\"https:\/\/www.tiring.si\/en\/\",\"logo\":{\"@type\":\"ImageObject\",\"inLanguage\":\"en-US\",\"@id\":\"https:\/\/www.tiring.si\/en\/#\/schema\/logo\/image\/\",\"url\":\"https:\/\/www.tiring.si\/wp-content\/uploads\/2020\/09\/tiring_logo_blue.svg\",\"contentUrl\":\"https:\/\/www.tiring.si\/wp-content\/uploads\/2020\/09\/tiring_logo_blue.svg\",\"width\":180,\"height\":40,\"caption\":\"TIRING\"},\"image\":{\"@id\":\"https:\/\/www.tiring.si\/en\/#\/schema\/logo\/image\/\"}}]}<\/script>\n<!-- \/ Yoast SEO plugin. -->","yoast_head_json":{"title":"Contact - TIRING","robots":{"index":"index","follow":"follow","max-snippet":"max-snippet:-1","max-image-preview":"max-image-preview:large","max-video-preview":"max-video-preview:-1"},"canonical":"https:\/\/www.tiring.si\/en\/contact\/","og_locale":"en_US","og_type":"article","og_title":"Contact - TIRING","og_description":"[vc_row row_height_percent=&#8221;0&#8243; override_padding=&#8221;yes&#8221; h_padding=&#8221;2&#8243; top_padding=&#8221;4&#8243; bottom_padding=&#8221;4&#8243; back_image=&#8221;23&#8243; overlay_color=&#8221;color-jevc&#8221; overlay_alpha=&#8221;50&#8243; gutter_size=&#8221;3&#8243; column_width_percent=&#8221;100&#8243; shift_y=&#8221;0&#8243; z_index=&#8221;0&#8243;][vc_column column_width_percent=&#8221;100&#8243; gutter_size=&#8221;3&#8243; style=&#8221;dark&#8221; overlay_alpha=&#8221;50&#8243; shift_x=&#8221;0&#8243; shift_y=&#8221;0&#8243; shift_y_down=&#8221;0&#8243; [&hellip;]","og_url":"https:\/\/www.tiring.si\/en\/contact\/","og_site_name":"TIRING","article_modified_time":"2020-10-01T17:15:02+00:00","twitter_card":"summary_large_image","twitter_misc":{"Est. reading time":"3 minutes"},"schema":{"@context":"https:\/\/schema.org","@graph":[{"@type":"WebPage","@id":"https:\/\/www.tiring.si\/en\/contact\/","url":"https:\/\/www.tiring.si\/en\/contact\/","name":"Contact - TIRING","isPartOf":{"@id":"https:\/\/www.tiring.si\/en\/#website"},"datePublished":"2020-09-19T20:46:43+00:00","dateModified":"2020-10-01T17:15:02+00:00","breadcrumb":{"@id":"https:\/\/www.tiring.si\/en\/contact\/#breadcrumb"},"inLanguage":"en-US","potentialAction":[{"@type":"ReadAction","target":["https:\/\/www.tiring.si\/en\/contact\/"]}]},{"@type":"BreadcrumbList","@id":"https:\/\/www.tiring.si\/en\/contact\/#breadcrumb","itemListElement":[{"@type":"ListItem","position":1,"name":"Home","item":"https:\/\/www.tiring.si\/en\/"},{"@type":"ListItem","position":2,"name":"Contact"}]},{"@type":"WebSite","@id":"https:\/\/www.tiring.si\/en\/#website","url":"https:\/\/www.tiring.si\/en\/","name":"TIRING","description":"\u017delezni\u0161ki in\u017eeniring","publisher":{"@id":"https:\/\/www.tiring.si\/en\/#organization"},"potentialAction":[{"@type":"SearchAction","target":{"@type":"EntryPoint","urlTemplate":"https:\/\/www.tiring.si\/en\/?s={search_term_string}"},"query-input":{"@type":"PropertyValueSpecification","valueRequired":true,"valueName":"search_term_string"}}],"inLanguage":"en-US"},{"@type":"Organization","@id":"https:\/\/www.tiring.si\/en\/#organization","name":"TIRING","url":"https:\/\/www.tiring.si\/en\/","logo":{"@type":"ImageObject","inLanguage":"en-US","@id":"https:\/\/www.tiring.si\/en\/#\/schema\/logo\/image\/","url":"https:\/\/www.tiring.si\/wp-content\/uploads\/2020\/09\/tiring_logo_blue.svg","contentUrl":"https:\/\/www.tiring.si\/wp-content\/uploads\/2020\/09\/tiring_logo_blue.svg","width":180,"height":40,"caption":"TIRING"},"image":{"@id":"https:\/\/www.tiring.si\/en\/#\/schema\/logo\/image\/"}}]}},"_links":{"self":[{"href":"https:\/\/www.tiring.si\/en\/wp-json\/wp\/v2\/pages\/163","targetHints":{"allow":["GET"]}}],"collection":[{"href":"https:\/\/www.tiring.si\/en\/wp-json\/wp\/v2\/pages"}],"about":[{"href":"https:\/\/www.tiring.si\/en\/wp-json\/wp\/v2\/types\/page"}],"author":[{"embeddable":true,"href":"https:\/\/www.tiring.si\/en\/wp-json\/wp\/v2\/users\/1"}],"replies":[{"embeddable":true,"href":"https:\/\/www.tiring.si\/en\/wp-json\/wp\/v2\/comments?post=163"}],"version-history":[{"count":19,"href":"https:\/\/www.tiring.si\/en\/wp-json\/wp\/v2\/pages\/163\/revisions"}],"predecessor-version":[{"id":230,"href":"https:\/\/www.tiring.si\/en\/wp-json\/wp\/v2\/pages\/163\/revisions\/230"}],"wp:attachment":[{"href":"https:\/\/www.tiring.si\/en\/wp-json\/wp\/v2\/media?parent=163"}],"curies":[{"name":"wp","href":"https:\/\/api.w.org\/{rel}","templated":true}]}}