{"id":160,"date":"2020-09-19T22:46:04","date_gmt":"2020-09-19T20:46:04","guid":{"rendered":"https:\/\/www.tiring.si\/image-gallery\/"},"modified":"2020-09-25T11:23:49","modified_gmt":"2020-09-25T09:23:49","slug":"gallery","status":"publish","type":"page","link":"https:\/\/www.tiring.si\/en\/gallery\/","title":{"rendered":"Image Gallery"},"content":{"rendered":"<div class=\"wpb-content-wrapper\"><p>[vc_row row_height_percent=&#8221;0&#8243; override_padding=&#8221;yes&#8221; h_padding=&#8221;2&#8243; top_padding=&#8221;4&#8243; bottom_padding=&#8221;4&#8243; back_image=&#8221;23&#8243; overlay_color=&#8221;color-jevc&#8221; overlay_alpha=&#8221;50&#8243; gutter_size=&#8221;3&#8243; column_width_percent=&#8221;100&#8243; shift_y=&#8221;0&#8243; z_index=&#8221;0&#8243;][vc_column column_width_percent=&#8221;100&#8243; gutter_size=&#8221;3&#8243; style=&#8221;dark&#8221; overlay_alpha=&#8221;50&#8243; shift_x=&#8221;0&#8243; shift_y=&#8221;0&#8243; shift_y_down=&#8221;0&#8243; z_index=&#8221;0&#8243; medium_width=&#8221;0&#8243; mobile_width=&#8221;0&#8243; width=&#8221;1\/1&#8243;][vc_custom_heading heading_semantic=&#8221;h1&#8243; text_size=&#8221;h1&#8243; text_weight=&#8221;200&#8243; text_transform=&#8221;uppercase&#8221; text_space=&#8221;fontspace-792175&#8243; sub_lead=&#8221;yes&#8221; sub_reduced=&#8221;yes&#8221; subheading=&#8221;Selection of major projects in the last fifteen years&#8221;]Gallery of our projects[\/vc_custom_heading][\/vc_column][\/vc_row][vc_row row_height_percent=&#8221;0&#8243; override_padding=&#8221;yes&#8221; h_padding=&#8221;2&#8243; top_padding=&#8221;3&#8243; bottom_padding=&#8221;3&#8243; overlay_alpha=&#8221;50&#8243; gutter_size=&#8221;3&#8243; column_width_percent=&#8221;100&#8243; shift_y=&#8221;0&#8243; z_index=&#8221;0&#8243;][vc_column width=&#8221;1\/1&#8243;][vc_gallery el_id=&#8221;gallery-182270&#8243; isotope_mode=&#8221;fitRows&#8221; medias=&#8221;78,31,83,76,84,85,81,77,79,80,82,75,74,32,86&#8243; gutter_size=&#8221;3&#8243; media_items=&#8221;media|lightbox|original,icon|md,caption&#8221; screen_lg=&#8221;1000&#8243; screen_md=&#8221;600&#8243; screen_sm=&#8221;480&#8243; single_text=&#8221;under&#8221; images_size=&#8221;three-two&#8221; single_overlay_opacity=&#8221;50&#8243; single_padding=&#8221;1&#8243; single_text_reduced=&#8221;yes&#8221; single_icon=&#8221;fa fa-plus-circle2&#8243; single_shadow=&#8221;yes&#8221; shadow_weight=&#8221;xs&#8221; single_border=&#8221;yes&#8221; single_css_animation=&#8221;bottom-t-top&#8221; single_animation_delay=&#8221;200&#8243; lbox_title=&#8221;yes&#8221;][\/vc_column][\/vc_row]<\/p>\n<\/div>","protected":false},"excerpt":{"rendered":"<p>[vc_row row_height_percent=&#8221;0&#8243; override_padding=&#8221;yes&#8221; h_padding=&#8221;2&#8243; top_padding=&#8221;4&#8243; bottom_padding=&#8221;4&#8243; back_image=&#8221;23&#8243; overlay_color=&#8221;color-jevc&#8221; overlay_alpha=&#8221;50&#8243; gutter_size=&#8221;3&#8243; column_width_percent=&#8221;100&#8243; shift_y=&#8221;0&#8243; z_index=&#8221;0&#8243;][vc_column column_width_percent=&#8221;100&#8243; gutter_size=&#8221;3&#8243; style=&#8221;dark&#8221; overlay_alpha=&#8221;50&#8243; shift_x=&#8221;0&#8243; shift_y=&#8221;0&#8243; shift_y_down=&#8221;0&#8243; [&hellip;]<\/p>\n","protected":false},"author":1,"featured_media":0,"parent":0,"menu_order":3,"comment_status":"closed","ping_status":"closed","template":"","meta":{"footnotes":""},"class_list":["post-160","page","type-page","status-publish","hentry"],"yoast_head":"<!-- This site is optimized with the Yoast SEO plugin v26.1.1 - https:\/\/yoast.com\/wordpress\/plugins\/seo\/ -->\n<title>Image Gallery - TIRING<\/title>\n<meta name=\"robots\" content=\"index, follow, max-snippet:-1, max-image-preview:large, max-video-preview:-1\" \/>\n<link rel=\"canonical\" href=\"https:\/\/www.tiring.si\/en\/gallery\/\" \/>\n<meta property=\"og:locale\" content=\"en_US\" \/>\n<meta property=\"og:type\" content=\"article\" \/>\n<meta property=\"og:title\" content=\"Image Gallery - TIRING\" \/>\n<meta property=\"og:description\" content=\"[vc_row row_height_percent=&#8221;0&#8243; override_padding=&#8221;yes&#8221; h_padding=&#8221;2&#8243; top_padding=&#8221;4&#8243; bottom_padding=&#8221;4&#8243; back_image=&#8221;23&#8243; overlay_color=&#8221;color-jevc&#8221; overlay_alpha=&#8221;50&#8243; gutter_size=&#8221;3&#8243; column_width_percent=&#8221;100&#8243; shift_y=&#8221;0&#8243; z_index=&#8221;0&#8243;][vc_column column_width_percent=&#8221;100&#8243; gutter_size=&#8221;3&#8243; style=&#8221;dark&#8221; overlay_alpha=&#8221;50&#8243; shift_x=&#8221;0&#8243; shift_y=&#8221;0&#8243; shift_y_down=&#8221;0&#8243; [&hellip;]\" \/>\n<meta property=\"og:url\" content=\"https:\/\/www.tiring.si\/en\/gallery\/\" \/>\n<meta property=\"og:site_name\" content=\"TIRING\" \/>\n<meta property=\"article:modified_time\" content=\"2020-09-25T09:23:49+00:00\" \/>\n<meta name=\"twitter:card\" content=\"summary_large_image\" \/>\n<meta name=\"twitter:label1\" content=\"Est. reading time\" \/>\n\t<meta name=\"twitter:data1\" content=\"1 minute\" \/>\n<script type=\"application\/ld+json\" class=\"yoast-schema-graph\">{\"@context\":\"https:\/\/schema.org\",\"@graph\":[{\"@type\":\"WebPage\",\"@id\":\"https:\/\/www.tiring.si\/en\/gallery\/\",\"url\":\"https:\/\/www.tiring.si\/en\/gallery\/\",\"name\":\"Image Gallery - TIRING\",\"isPartOf\":{\"@id\":\"https:\/\/www.tiring.si\/en\/#website\"},\"datePublished\":\"2020-09-19T20:46:04+00:00\",\"dateModified\":\"2020-09-25T09:23:49+00:00\",\"breadcrumb\":{\"@id\":\"https:\/\/www.tiring.si\/en\/gallery\/#breadcrumb\"},\"inLanguage\":\"en-US\",\"potentialAction\":[{\"@type\":\"ReadAction\",\"target\":[\"https:\/\/www.tiring.si\/en\/gallery\/\"]}]},{\"@type\":\"BreadcrumbList\",\"@id\":\"https:\/\/www.tiring.si\/en\/gallery\/#breadcrumb\",\"itemListElement\":[{\"@type\":\"ListItem\",\"position\":1,\"name\":\"Home\",\"item\":\"https:\/\/www.tiring.si\/en\/\"},{\"@type\":\"ListItem\",\"position\":2,\"name\":\"Image Gallery\"}]},{\"@type\":\"WebSite\",\"@id\":\"https:\/\/www.tiring.si\/en\/#website\",\"url\":\"https:\/\/www.tiring.si\/en\/\",\"name\":\"TIRING\",\"description\":\"\u017delezni\u0161ki in\u017eeniring\",\"publisher\":{\"@id\":\"https:\/\/www.tiring.si\/en\/#organization\"},\"potentialAction\":[{\"@type\":\"SearchAction\",\"target\":{\"@type\":\"EntryPoint\",\"urlTemplate\":\"https:\/\/www.tiring.si\/en\/?s={search_term_string}\"},\"query-input\":{\"@type\":\"PropertyValueSpecification\",\"valueRequired\":true,\"valueName\":\"search_term_string\"}}],\"inLanguage\":\"en-US\"},{\"@type\":\"Organization\",\"@id\":\"https:\/\/www.tiring.si\/en\/#organization\",\"name\":\"TIRING\",\"url\":\"https:\/\/www.tiring.si\/en\/\",\"logo\":{\"@type\":\"ImageObject\",\"inLanguage\":\"en-US\",\"@id\":\"https:\/\/www.tiring.si\/en\/#\/schema\/logo\/image\/\",\"url\":\"https:\/\/www.tiring.si\/wp-content\/uploads\/2020\/09\/tiring_logo_blue.svg\",\"contentUrl\":\"https:\/\/www.tiring.si\/wp-content\/uploads\/2020\/09\/tiring_logo_blue.svg\",\"width\":180,\"height\":40,\"caption\":\"TIRING\"},\"image\":{\"@id\":\"https:\/\/www.tiring.si\/en\/#\/schema\/logo\/image\/\"}}]}<\/script>\n<!-- \/ Yoast SEO plugin. -->","yoast_head_json":{"title":"Image Gallery - TIRING","robots":{"index":"index","follow":"follow","max-snippet":"max-snippet:-1","max-image-preview":"max-image-preview:large","max-video-preview":"max-video-preview:-1"},"canonical":"https:\/\/www.tiring.si\/en\/gallery\/","og_locale":"en_US","og_type":"article","og_title":"Image Gallery - TIRING","og_description":"[vc_row row_height_percent=&#8221;0&#8243; override_padding=&#8221;yes&#8221; h_padding=&#8221;2&#8243; top_padding=&#8221;4&#8243; bottom_padding=&#8221;4&#8243; back_image=&#8221;23&#8243; overlay_color=&#8221;color-jevc&#8221; overlay_alpha=&#8221;50&#8243; gutter_size=&#8221;3&#8243; column_width_percent=&#8221;100&#8243; shift_y=&#8221;0&#8243; z_index=&#8221;0&#8243;][vc_column column_width_percent=&#8221;100&#8243; gutter_size=&#8221;3&#8243; style=&#8221;dark&#8221; overlay_alpha=&#8221;50&#8243; shift_x=&#8221;0&#8243; shift_y=&#8221;0&#8243; shift_y_down=&#8221;0&#8243; [&hellip;]","og_url":"https:\/\/www.tiring.si\/en\/gallery\/","og_site_name":"TIRING","article_modified_time":"2020-09-25T09:23:49+00:00","twitter_card":"summary_large_image","twitter_misc":{"Est. reading time":"1 minute"},"schema":{"@context":"https:\/\/schema.org","@graph":[{"@type":"WebPage","@id":"https:\/\/www.tiring.si\/en\/gallery\/","url":"https:\/\/www.tiring.si\/en\/gallery\/","name":"Image Gallery - TIRING","isPartOf":{"@id":"https:\/\/www.tiring.si\/en\/#website"},"datePublished":"2020-09-19T20:46:04+00:00","dateModified":"2020-09-25T09:23:49+00:00","breadcrumb":{"@id":"https:\/\/www.tiring.si\/en\/gallery\/#breadcrumb"},"inLanguage":"en-US","potentialAction":[{"@type":"ReadAction","target":["https:\/\/www.tiring.si\/en\/gallery\/"]}]},{"@type":"BreadcrumbList","@id":"https:\/\/www.tiring.si\/en\/gallery\/#breadcrumb","itemListElement":[{"@type":"ListItem","position":1,"name":"Home","item":"https:\/\/www.tiring.si\/en\/"},{"@type":"ListItem","position":2,"name":"Image Gallery"}]},{"@type":"WebSite","@id":"https:\/\/www.tiring.si\/en\/#website","url":"https:\/\/www.tiring.si\/en\/","name":"TIRING","description":"\u017delezni\u0161ki in\u017eeniring","publisher":{"@id":"https:\/\/www.tiring.si\/en\/#organization"},"potentialAction":[{"@type":"SearchAction","target":{"@type":"EntryPoint","urlTemplate":"https:\/\/www.tiring.si\/en\/?s={search_term_string}"},"query-input":{"@type":"PropertyValueSpecification","valueRequired":true,"valueName":"search_term_string"}}],"inLanguage":"en-US"},{"@type":"Organization","@id":"https:\/\/www.tiring.si\/en\/#organization","name":"TIRING","url":"https:\/\/www.tiring.si\/en\/","logo":{"@type":"ImageObject","inLanguage":"en-US","@id":"https:\/\/www.tiring.si\/en\/#\/schema\/logo\/image\/","url":"https:\/\/www.tiring.si\/wp-content\/uploads\/2020\/09\/tiring_logo_blue.svg","contentUrl":"https:\/\/www.tiring.si\/wp-content\/uploads\/2020\/09\/tiring_logo_blue.svg","width":180,"height":40,"caption":"TIRING"},"image":{"@id":"https:\/\/www.tiring.si\/en\/#\/schema\/logo\/image\/"}}]}},"_links":{"self":[{"href":"https:\/\/www.tiring.si\/en\/wp-json\/wp\/v2\/pages\/160","targetHints":{"allow":["GET"]}}],"collection":[{"href":"https:\/\/www.tiring.si\/en\/wp-json\/wp\/v2\/pages"}],"about":[{"href":"https:\/\/www.tiring.si\/en\/wp-json\/wp\/v2\/types\/page"}],"author":[{"embeddable":true,"href":"https:\/\/www.tiring.si\/en\/wp-json\/wp\/v2\/users\/1"}],"replies":[{"embeddable":true,"href":"https:\/\/www.tiring.si\/en\/wp-json\/wp\/v2\/comments?post=160"}],"version-history":[{"count":2,"href":"https:\/\/www.tiring.si\/en\/wp-json\/wp\/v2\/pages\/160\/revisions"}],"predecessor-version":[{"id":162,"href":"https:\/\/www.tiring.si\/en\/wp-json\/wp\/v2\/pages\/160\/revisions\/162"}],"wp:attachment":[{"href":"https:\/\/www.tiring.si\/en\/wp-json\/wp\/v2\/media?parent=160"}],"curies":[{"name":"wp","href":"https:\/\/api.w.org\/{rel}","templated":true}]}}