{"id":143,"date":"2020-09-19T18:56:49","date_gmt":"2020-09-19T16:56:49","guid":{"rendered":"https:\/\/www.tiring.si\/tiring-railway-engineering\/"},"modified":"2024-12-19T11:26:13","modified_gmt":"2024-12-19T10:26:13","slug":"tiring-railway-engineering","status":"publish","type":"page","link":"https:\/\/www.tiring.si\/en\/","title":{"rendered":"TIRING, Railway Engineering"},"content":{"rendered":"<div class=\"wpb-content-wrapper\"><p>[vc_row row_height_percent=&#8221;0&#8243; override_padding=&#8221;yes&#8221; h_padding=&#8221;2&#8243; top_padding=&#8221;3&#8243; bottom_padding=&#8221;3&#8243; overlay_alpha=&#8221;50&#8243; gutter_size=&#8221;3&#8243; column_width_percent=&#8221;100&#8243; shift_y=&#8221;0&#8243; z_index=&#8221;0&#8243;][vc_column column_width_percent=&#8221;100&#8243; align_horizontal=&#8221;align_center&#8221; gutter_size=&#8221;3&#8243; overlay_alpha=&#8221;50&#8243; shift_x=&#8221;0&#8243; shift_y=&#8221;0&#8243; shift_y_down=&#8221;0&#8243; z_index=&#8221;0&#8243; medium_width=&#8221;0&#8243; mobile_width=&#8221;0&#8243;][vc_row_inner][vc_column_inner column_width_percent=&#8221;100&#8243; gutter_size=&#8221;3&#8243; overlay_alpha=&#8221;50&#8243; shift_x=&#8221;0&#8243; shift_y=&#8221;0&#8243; shift_y_down=&#8221;0&#8243; z_index=&#8221;0&#8243; medium_width=&#8221;0&#8243; mobile_width=&#8221;0&#8243; width=&#8221;3\/4&#8243;][vc_column_text uncode_shortcode_id=&#8221;430709&#8243;]The main activity of the company TIRING is <strong>making of all phases of the project documentation for railway infrastructure<\/strong>. TIRING was established in 1993 and since then the company has successfully handled over 300 projects for the renovation, reconstruction or new construction of railway tracks and stations in Slovenia and Croatia. Our leading engineers are involved in designing of the railway infrastructure for almost 40 years.[\/vc_column_text][\/vc_column_inner][vc_column_inner column_width_percent=&#8221;100&#8243; gutter_size=&#8221;3&#8243; style=&#8221;dark&#8221; back_color=&#8221;color-140830&#8243; overlay_alpha=&#8221;50&#8243; shadow=&#8221;xs&#8221; shift_x=&#8221;0&#8243; shift_y=&#8221;-5&#8243; shift_y_down=&#8221;0&#8243; z_index=&#8221;0&#8243; medium_width=&#8221;0&#8243; mobile_width=&#8221;0&#8243; css_animation=&#8221;zoom-in&#8221; width=&#8221;1\/4&#8243;][vc_column_text]<strong>TIRING d.o.o., Trzin<\/strong><br \/>\nRailway Engineering Company<br \/>\nMotnica 11, 1236 Trzin, Slovenia<br \/>\n<strong>T\/F<\/strong> +386 1 562 35 55<br \/>\n<strong>E<\/strong> <a href=\"mailto:tiring@tiring.si\">tiring@tiring.si<\/a><\/p>\n<p>[\/vc_column_text][\/vc_column_inner][\/vc_row_inner][vc_separator sep_color=&#8221;color-gyho&#8221;][vc_row_inner][vc_column_inner column_width_percent=&#8221;100&#8243; align_horizontal=&#8221;align_center&#8221; gutter_size=&#8221;3&#8243; overlay_alpha=&#8221;50&#8243; shift_x=&#8221;0&#8243; shift_y=&#8221;0&#8243; shift_y_down=&#8221;0&#8243; z_index=&#8221;0&#8243; medium_width=&#8221;0&#8243; mobile_width=&#8221;0&#8243; css_animation=&#8221;bottom-t-top&#8221; width=&#8221;1\/4&#8243;][vc_icon icon_image=&#8221;16&#8243; background_style=&#8221;fa-rounded&#8221; media_size=&#8221;45&#8243; outline=&#8221;yes&#8221; icon_automatic=&#8221;yes&#8221; shadow=&#8221;yes&#8221; heading_semantic=&#8221;h4&#8243; text_size=&#8221;h5&#8243; text_height=&#8221;fontheight-174376&#8243; text_reduced=&#8221;yes&#8221; title=&#8221;Designing&#8221;]We make all phases of project documentation for railway infrastructure.[\/vc_icon][\/vc_column_inner][vc_column_inner column_width_percent=&#8221;100&#8243; align_horizontal=&#8221;align_center&#8221; gutter_size=&#8221;3&#8243; overlay_alpha=&#8221;50&#8243; shift_x=&#8221;0&#8243; shift_y=&#8221;0&#8243; shift_y_down=&#8221;0&#8243; z_index=&#8221;0&#8243; medium_width=&#8221;0&#8243; mobile_width=&#8221;0&#8243; css_animation=&#8221;bottom-t-top&#8221; animation_delay=&#8221;200&#8243; width=&#8221;1\/4&#8243;][vc_icon icon_image=&#8221;18&#8243; background_style=&#8221;fa-rounded&#8221; media_size=&#8221;45&#8243; outline=&#8221;yes&#8221; icon_automatic=&#8221;yes&#8221; shadow=&#8221;yes&#8221; heading_semantic=&#8221;h4&#8243; text_size=&#8221;h5&#8243; text_height=&#8221;fontheight-174376&#8243; text_reduced=&#8221;yes&#8221; title=&#8221;Software&#8221;]We are developing our own TIRCAD software package for railway design.[\/vc_icon][\/vc_column_inner][vc_column_inner column_width_percent=&#8221;100&#8243; align_horizontal=&#8221;align_center&#8221; gutter_size=&#8221;3&#8243; overlay_alpha=&#8221;50&#8243; shift_x=&#8221;0&#8243; shift_y=&#8221;0&#8243; shift_y_down=&#8221;0&#8243; z_index=&#8221;0&#8243; medium_width=&#8221;0&#8243; mobile_width=&#8221;0&#8243; css_animation=&#8221;bottom-t-top&#8221; animation_delay=&#8221;400&#8243; width=&#8221;1\/4&#8243;][vc_icon icon_image=&#8221;17&#8243; background_style=&#8221;fa-rounded&#8221; media_size=&#8221;45&#8243; outline=&#8221;yes&#8221; icon_automatic=&#8221;yes&#8221; shadow=&#8221;yes&#8221; heading_semantic=&#8221;h4&#8243; text_size=&#8221;h5&#8243; text_height=&#8221;fontheight-174376&#8243; text_reduced=&#8221;yes&#8221; title=&#8221;Geodetic measurements&#8221;]We perform geodetic measurements on the sections we design.[\/vc_icon][\/vc_column_inner][vc_column_inner column_width_percent=&#8221;100&#8243; align_horizontal=&#8221;align_center&#8221; gutter_size=&#8221;3&#8243; overlay_alpha=&#8221;50&#8243; shift_x=&#8221;0&#8243; shift_y=&#8221;0&#8243; shift_y_down=&#8221;0&#8243; z_index=&#8221;0&#8243; medium_width=&#8221;0&#8243; mobile_width=&#8221;0&#8243; css_animation=&#8221;bottom-t-top&#8221; animation_delay=&#8221;600&#8243; width=&#8221;1\/4&#8243;][vc_icon icon_image=&#8221;20&#8243; background_style=&#8221;fa-rounded&#8221; media_size=&#8221;45&#8243; outline=&#8221;yes&#8221; icon_automatic=&#8221;yes&#8221; shadow=&#8221;yes&#8221; heading_semantic=&#8221;h4&#8243; text_size=&#8221;h5&#8243; text_height=&#8221;fontheight-174376&#8243; text_reduced=&#8221;yes&#8221; title=&#8221;Constant development&#8221;]We are constantly investing in upgrading our expertise and equipment.[\/vc_icon][\/vc_column_inner][\/vc_row_inner][vc_separator sep_color=&#8221;color-gyho&#8221;][vc_row_inner][vc_column_inner width=&#8221;1\/2&#8243;][vc_column_text]The result of wide knowledge in railway infrastructure designing  is also <strong>our own software package TIRCAD<\/strong>, which is intended primarily for designing railways, and is fully integrated in the software environment of AutoCAD and BricsCAD and provides a modern way of designing structures in all phases.[\/vc_column_text][\/vc_column_inner][vc_column_inner width=&#8221;1\/2&#8243;][vc_column_text]We are aware of the fact that the scope of the design and construction of railway tracks is developing and progressing, so we constantly invest in upgrading the equipment and knowledge of our employees, as well as staying abreast of new technologies and new trends in the field of railway engineering and at the same time guarantee the best quality of our services.[\/vc_column_text][\/vc_column_inner][\/vc_row_inner][\/vc_column][\/vc_row][vc_row row_height_percent=&#8221;0&#8243; override_padding=&#8221;yes&#8221; h_padding=&#8221;2&#8243; top_padding=&#8221;3&#8243; bottom_padding=&#8221;3&#8243; back_color=&#8221;color-lxmt&#8221; overlay_alpha=&#8221;50&#8243; gutter_size=&#8221;3&#8243; column_width_percent=&#8221;100&#8243; shift_y=&#8221;0&#8243; z_index=&#8221;0&#8243;][vc_column column_width_percent=&#8221;100&#8243; align_horizontal=&#8221;align_center&#8221; gutter_size=&#8221;3&#8243; overlay_alpha=&#8221;50&#8243; shift_x=&#8221;0&#8243; shift_y=&#8221;0&#8243; shift_y_down=&#8221;0&#8243; z_index=&#8221;0&#8243; medium_width=&#8221;0&#8243; mobile_width=&#8221;0&#8243; width=&#8221;1\/1&#8243;][vc_gallery el_id=&#8221;gallery-211492&#8243; isotope_mode=&#8221;fitRows&#8221; medias=&#8221;31,33,34,32&#8243; gutter_size=&#8221;3&#8243; media_items=&#8221;media|lightbox|original,icon|md,title&#8221; screen_lg=&#8221;1000&#8243; screen_md=&#8221;600&#8243; screen_sm=&#8221;480&#8243; single_text=&#8221;under&#8221; single_width=&#8221;3&#8243; single_overlay_opacity=&#8221;50&#8243; single_padding=&#8221;1&#8243; single_icon=&#8221;fa fa-plus-circle2&#8243; single_shadow=&#8221;yes&#8221; shadow_weight=&#8221;sm&#8221; shadow_darker=&#8221;yes&#8221; single_border=&#8221;yes&#8221;][\/vc_column][\/vc_row][vc_row row_height_percent=&#8221;0&#8243; override_padding=&#8221;yes&#8221; h_padding=&#8221;2&#8243; top_padding=&#8221;3&#8243; bottom_padding=&#8221;3&#8243; back_color=&#8221;color-140830&#8243; overlay_alpha=&#8221;50&#8243; gutter_size=&#8221;3&#8243; column_width_percent=&#8221;100&#8243; shift_y=&#8221;0&#8243; z_index=&#8221;0&#8243;][vc_column column_width_percent=&#8221;100&#8243; align_horizontal=&#8221;align_center&#8221; gutter_size=&#8221;3&#8243; style=&#8221;dark&#8221; overlay_alpha=&#8221;50&#8243; shift_x=&#8221;0&#8243; shift_y=&#8221;0&#8243; shift_y_down=&#8221;0&#8243; z_index=&#8221;0&#8243; medium_width=&#8221;0&#8243; mobile_width=&#8221;0&#8243; width=&#8221;1\/3&#8243;][uncode_counter value=&#8221;30&#8243; counter_color=&#8221;&#8221; size=&#8221;fontsize-187097&#8243; weight=&#8221;200&#8243; height=&#8221;fontheight-174376&#8243; text=&#8221;YEARS OF OPERATION&#8221; uncode_shortcode_id=&#8221;191553&#8243;][\/vc_column][vc_column column_width_percent=&#8221;100&#8243; align_horizontal=&#8221;align_center&#8221; gutter_size=&#8221;3&#8243; style=&#8221;dark&#8221; overlay_alpha=&#8221;50&#8243; shift_x=&#8221;0&#8243; shift_y=&#8221;0&#8243; shift_y_down=&#8221;0&#8243; z_index=&#8221;0&#8243; medium_width=&#8221;0&#8243; mobile_width=&#8221;0&#8243; width=&#8221;1\/3&#8243;][uncode_counter value=&#8221;40&#8243; counter_color=&#8221;,Default&#8221; size=&#8221;fontsize-187097&#8243; weight=&#8221;200&#8243; height=&#8221;fontheight-174376&#8243; text=&#8221;YEARS OF EXPERIENCE&#8221;][\/vc_column][vc_column column_width_percent=&#8221;100&#8243; align_horizontal=&#8221;align_center&#8221; gutter_size=&#8221;3&#8243; style=&#8221;dark&#8221; overlay_alpha=&#8221;50&#8243; shift_x=&#8221;0&#8243; shift_y=&#8221;0&#8243; shift_y_down=&#8221;0&#8243; z_index=&#8221;0&#8243; medium_width=&#8221;0&#8243; mobile_width=&#8221;0&#8243; width=&#8221;1\/3&#8243;][uncode_counter value=&#8221;345&#8243; counter_color=&#8221;,Default&#8221; size=&#8221;fontsize-187097&#8243; weight=&#8221;200&#8243; height=&#8221;fontheight-174376&#8243; text=&#8221;IMPLEMENTED PROJECTS&#8221;][\/vc_column][\/vc_row][vc_row row_height_percent=&#8221;0&#8243; override_padding=&#8221;yes&#8221; h_padding=&#8221;2&#8243; top_padding=&#8221;3&#8243; bottom_padding=&#8221;3&#8243; back_color=&#8221;color-lxmt&#8221; overlay_alpha=&#8221;50&#8243; gutter_size=&#8221;3&#8243; column_width_percent=&#8221;100&#8243; shift_y=&#8221;0&#8243; z_index=&#8221;0&#8243;][vc_column column_width_percent=&#8221;100&#8243; gutter_size=&#8221;2&#8243; overlay_alpha=&#8221;50&#8243; shift_x=&#8221;0&#8243; shift_y=&#8221;0&#8243; shift_y_down=&#8221;0&#8243; z_index=&#8221;0&#8243; medium_width=&#8221;0&#8243; mobile_width=&#8221;0&#8243; width=&#8221;1\/2&#8243;][vc_custom_heading]Connect with us[\/vc_custom_heading][vc_column_text]We invite you to ask us a question or send us a message using the contact form. We will be happy to send you a reply or a non-binding offer. For all questions, we are also available on the telephone number +386 1 562 35 55 or e-mail <a href=\"mailto:tiring@tiring.si\">tiring@tiring.si<\/a>.[\/vc_column_text][\/vc_column][vc_column width=&#8221;1\/2&#8243;]\n<div class=\"wpcf7 no-js\" id=\"wpcf7-f156-o1\" lang=\"en-US\" dir=\"ltr\" data-wpcf7-id=\"156\">\n<div class=\"screen-reader-response\"><p role=\"status\" aria-live=\"polite\" aria-atomic=\"true\"><\/p> <ul><\/ul><\/div>\n<form action=\"\/en\/wp-json\/wp\/v2\/pages\/143#wpcf7-f156-o1\" method=\"post\" class=\"wpcf7-form init\" aria-label=\"Contact form\" novalidate=\"novalidate\" data-status=\"init\">\n<fieldset class=\"hidden-fields-container\"><input type=\"hidden\" name=\"_wpcf7\" value=\"156\" \/><input type=\"hidden\" name=\"_wpcf7_version\" value=\"6.1.2\" \/><input type=\"hidden\" name=\"_wpcf7_locale\" value=\"en_US\" \/><input type=\"hidden\" name=\"_wpcf7_unit_tag\" value=\"wpcf7-f156-o1\" \/><input type=\"hidden\" name=\"_wpcf7_container_post\" value=\"0\" \/><input type=\"hidden\" name=\"_wpcf7_posted_data_hash\" value=\"\" \/><input type=\"hidden\" name=\"_wpcf7_recaptcha_response\" value=\"\" \/>\n<\/fieldset>\n<div class=\"wpcf7-inline-wrapper\">\n\t<p class=\"wpcf7-inline-field\"><span class=\"wpcf7-form-control-wrap\" data-name=\"tiring-name\"><input size=\"40\" maxlength=\"400\" class=\"wpcf7-form-control wpcf7-text wpcf7-validates-as-required\" aria-required=\"true\" aria-invalid=\"false\" placeholder=\"Your full name*\" value=\"\" type=\"text\" name=\"tiring-name\" \/><\/span>\n\t<\/p>\n\t<p class=\"wpcf7-inline-field\"><span class=\"wpcf7-form-control-wrap\" data-name=\"tiring-company\"><input size=\"40\" maxlength=\"400\" class=\"wpcf7-form-control wpcf7-text\" aria-invalid=\"false\" placeholder=\"Company\" value=\"\" type=\"text\" name=\"tiring-company\" \/><\/span>\n\t<\/p>\n<\/div>\n<div class=\"wpcf7-inline-wrapper\">\n\t<p class=\"wpcf7-inline-field\"><span class=\"wpcf7-form-control-wrap\" data-name=\"tiring-email\"><input size=\"40\" maxlength=\"400\" class=\"wpcf7-form-control wpcf7-email wpcf7-validates-as-required wpcf7-text wpcf7-validates-as-email\" aria-required=\"true\" aria-invalid=\"false\" placeholder=\"Email Address*\" value=\"\" type=\"email\" name=\"tiring-email\" \/><\/span>\n\t<\/p>\n\t<p class=\"wpcf7-inline-field\"><span class=\"wpcf7-form-control-wrap\" data-name=\"tiring-phone\"><input size=\"40\" maxlength=\"400\" class=\"wpcf7-form-control wpcf7-text\" aria-invalid=\"false\" placeholder=\"Phone number\" value=\"\" type=\"text\" name=\"tiring-phone\" \/><\/span>\n\t<\/p>\n<\/div>\n<p><span class=\"wpcf7-form-control-wrap\" data-name=\"tiring-message\"><textarea cols=\"40\" rows=\"5\" maxlength=\"2000\" class=\"wpcf7-form-control wpcf7-textarea wpcf7-validates-as-required\" aria-required=\"true\" aria-invalid=\"false\" placeholder=\"Your message\/inquiry*\" name=\"tiring-message\"><\/textarea><\/span>\n<\/p>\n<p><input class=\"wpcf7-form-control wpcf7-submit has-spinner btn btn-accent\" type=\"submit\" value=\"Submit\" \/>\n<\/p><div class=\"wpcf7-response-output\" aria-hidden=\"true\"><\/div>\n<\/form>\n<\/div>\n[\/vc_column][\/vc_row]<\/p>\n<\/div>","protected":false},"excerpt":{"rendered":"<p>[vc_row row_height_percent=&#8221;0&#8243; override_padding=&#8221;yes&#8221; h_padding=&#8221;2&#8243; top_padding=&#8221;3&#8243; bottom_padding=&#8221;3&#8243; overlay_alpha=&#8221;50&#8243; gutter_size=&#8221;3&#8243; column_width_percent=&#8221;100&#8243; shift_y=&#8221;0&#8243; z_index=&#8221;0&#8243;][vc_column column_width_percent=&#8221;100&#8243; align_horizontal=&#8221;align_center&#8221; gutter_size=&#8221;3&#8243; overlay_alpha=&#8221;50&#8243; shift_x=&#8221;0&#8243; shift_y=&#8221;0&#8243; shift_y_down=&#8221;0&#8243; z_index=&#8221;0&#8243; medium_width=&#8221;0&#8243; [&hellip;]<\/p>\n","protected":false},"author":1,"featured_media":0,"parent":0,"menu_order":1,"comment_status":"closed","ping_status":"closed","template":"","meta":{"footnotes":""},"class_list":["post-143","page","type-page","status-publish","hentry"],"yoast_head":"<!-- This site is optimized with the Yoast SEO plugin v26.1.1 - https:\/\/yoast.com\/wordpress\/plugins\/seo\/ -->\n<title>TIRING, Railway Engineering - TIRING<\/title>\n<meta name=\"robots\" content=\"index, follow, max-snippet:-1, max-image-preview:large, max-video-preview:-1\" \/>\n<link rel=\"canonical\" href=\"https:\/\/www.tiring.si\/en\/\" \/>\n<meta property=\"og:locale\" content=\"en_US\" \/>\n<meta property=\"og:type\" content=\"article\" \/>\n<meta property=\"og:title\" content=\"TIRING, Railway Engineering - TIRING\" \/>\n<meta property=\"og:description\" content=\"[vc_row row_height_percent=&#8221;0&#8243; override_padding=&#8221;yes&#8221; h_padding=&#8221;2&#8243; top_padding=&#8221;3&#8243; bottom_padding=&#8221;3&#8243; overlay_alpha=&#8221;50&#8243; gutter_size=&#8221;3&#8243; column_width_percent=&#8221;100&#8243; shift_y=&#8221;0&#8243; z_index=&#8221;0&#8243;][vc_column column_width_percent=&#8221;100&#8243; align_horizontal=&#8221;align_center&#8221; gutter_size=&#8221;3&#8243; overlay_alpha=&#8221;50&#8243; shift_x=&#8221;0&#8243; shift_y=&#8221;0&#8243; shift_y_down=&#8221;0&#8243; z_index=&#8221;0&#8243; medium_width=&#8221;0&#8243; [&hellip;]\" \/>\n<meta property=\"og:url\" content=\"https:\/\/www.tiring.si\/en\/\" \/>\n<meta property=\"og:site_name\" content=\"TIRING\" \/>\n<meta property=\"article:modified_time\" content=\"2024-12-19T10:26:13+00:00\" \/>\n<meta name=\"twitter:card\" content=\"summary_large_image\" \/>\n<meta name=\"twitter:label1\" content=\"Est. reading time\" \/>\n\t<meta name=\"twitter:data1\" content=\"5 minutes\" \/>\n<script type=\"application\/ld+json\" class=\"yoast-schema-graph\">{\"@context\":\"https:\/\/schema.org\",\"@graph\":[{\"@type\":\"WebPage\",\"@id\":\"https:\/\/www.tiring.si\/en\/\",\"url\":\"https:\/\/www.tiring.si\/en\/\",\"name\":\"TIRING, Railway Engineering - TIRING\",\"isPartOf\":{\"@id\":\"https:\/\/www.tiring.si\/en\/#website\"},\"datePublished\":\"2020-09-19T16:56:49+00:00\",\"dateModified\":\"2024-12-19T10:26:13+00:00\",\"breadcrumb\":{\"@id\":\"https:\/\/www.tiring.si\/en\/#breadcrumb\"},\"inLanguage\":\"en-US\",\"potentialAction\":[{\"@type\":\"ReadAction\",\"target\":[\"https:\/\/www.tiring.si\/en\/\"]}]},{\"@type\":\"BreadcrumbList\",\"@id\":\"https:\/\/www.tiring.si\/en\/#breadcrumb\",\"itemListElement\":[{\"@type\":\"ListItem\",\"position\":1,\"name\":\"Home\",\"item\":\"https:\/\/www.tiring.si\/en\/\"},{\"@type\":\"ListItem\",\"position\":2,\"name\":\"TIRING, Railway Engineering\"}]},{\"@type\":\"WebSite\",\"@id\":\"https:\/\/www.tiring.si\/en\/#website\",\"url\":\"https:\/\/www.tiring.si\/en\/\",\"name\":\"TIRING\",\"description\":\"\u017delezni\u0161ki in\u017eeniring\",\"publisher\":{\"@id\":\"https:\/\/www.tiring.si\/en\/#organization\"},\"potentialAction\":[{\"@type\":\"SearchAction\",\"target\":{\"@type\":\"EntryPoint\",\"urlTemplate\":\"https:\/\/www.tiring.si\/en\/?s={search_term_string}\"},\"query-input\":{\"@type\":\"PropertyValueSpecification\",\"valueRequired\":true,\"valueName\":\"search_term_string\"}}],\"inLanguage\":\"en-US\"},{\"@type\":\"Organization\",\"@id\":\"https:\/\/www.tiring.si\/en\/#organization\",\"name\":\"TIRING\",\"url\":\"https:\/\/www.tiring.si\/en\/\",\"logo\":{\"@type\":\"ImageObject\",\"inLanguage\":\"en-US\",\"@id\":\"https:\/\/www.tiring.si\/en\/#\/schema\/logo\/image\/\",\"url\":\"https:\/\/www.tiring.si\/wp-content\/uploads\/2020\/09\/tiring_logo_blue.svg\",\"contentUrl\":\"https:\/\/www.tiring.si\/wp-content\/uploads\/2020\/09\/tiring_logo_blue.svg\",\"width\":180,\"height\":40,\"caption\":\"TIRING\"},\"image\":{\"@id\":\"https:\/\/www.tiring.si\/en\/#\/schema\/logo\/image\/\"}}]}<\/script>\n<!-- \/ Yoast SEO plugin. -->","yoast_head_json":{"title":"TIRING, Railway Engineering - TIRING","robots":{"index":"index","follow":"follow","max-snippet":"max-snippet:-1","max-image-preview":"max-image-preview:large","max-video-preview":"max-video-preview:-1"},"canonical":"https:\/\/www.tiring.si\/en\/","og_locale":"en_US","og_type":"article","og_title":"TIRING, Railway Engineering - TIRING","og_description":"[vc_row row_height_percent=&#8221;0&#8243; override_padding=&#8221;yes&#8221; h_padding=&#8221;2&#8243; top_padding=&#8221;3&#8243; bottom_padding=&#8221;3&#8243; overlay_alpha=&#8221;50&#8243; gutter_size=&#8221;3&#8243; column_width_percent=&#8221;100&#8243; shift_y=&#8221;0&#8243; z_index=&#8221;0&#8243;][vc_column column_width_percent=&#8221;100&#8243; align_horizontal=&#8221;align_center&#8221; gutter_size=&#8221;3&#8243; overlay_alpha=&#8221;50&#8243; shift_x=&#8221;0&#8243; shift_y=&#8221;0&#8243; shift_y_down=&#8221;0&#8243; z_index=&#8221;0&#8243; medium_width=&#8221;0&#8243; [&hellip;]","og_url":"https:\/\/www.tiring.si\/en\/","og_site_name":"TIRING","article_modified_time":"2024-12-19T10:26:13+00:00","twitter_card":"summary_large_image","twitter_misc":{"Est. reading time":"5 minutes"},"schema":{"@context":"https:\/\/schema.org","@graph":[{"@type":"WebPage","@id":"https:\/\/www.tiring.si\/en\/","url":"https:\/\/www.tiring.si\/en\/","name":"TIRING, Railway Engineering - TIRING","isPartOf":{"@id":"https:\/\/www.tiring.si\/en\/#website"},"datePublished":"2020-09-19T16:56:49+00:00","dateModified":"2024-12-19T10:26:13+00:00","breadcrumb":{"@id":"https:\/\/www.tiring.si\/en\/#breadcrumb"},"inLanguage":"en-US","potentialAction":[{"@type":"ReadAction","target":["https:\/\/www.tiring.si\/en\/"]}]},{"@type":"BreadcrumbList","@id":"https:\/\/www.tiring.si\/en\/#breadcrumb","itemListElement":[{"@type":"ListItem","position":1,"name":"Home","item":"https:\/\/www.tiring.si\/en\/"},{"@type":"ListItem","position":2,"name":"TIRING, Railway Engineering"}]},{"@type":"WebSite","@id":"https:\/\/www.tiring.si\/en\/#website","url":"https:\/\/www.tiring.si\/en\/","name":"TIRING","description":"\u017delezni\u0161ki in\u017eeniring","publisher":{"@id":"https:\/\/www.tiring.si\/en\/#organization"},"potentialAction":[{"@type":"SearchAction","target":{"@type":"EntryPoint","urlTemplate":"https:\/\/www.tiring.si\/en\/?s={search_term_string}"},"query-input":{"@type":"PropertyValueSpecification","valueRequired":true,"valueName":"search_term_string"}}],"inLanguage":"en-US"},{"@type":"Organization","@id":"https:\/\/www.tiring.si\/en\/#organization","name":"TIRING","url":"https:\/\/www.tiring.si\/en\/","logo":{"@type":"ImageObject","inLanguage":"en-US","@id":"https:\/\/www.tiring.si\/en\/#\/schema\/logo\/image\/","url":"https:\/\/www.tiring.si\/wp-content\/uploads\/2020\/09\/tiring_logo_blue.svg","contentUrl":"https:\/\/www.tiring.si\/wp-content\/uploads\/2020\/09\/tiring_logo_blue.svg","width":180,"height":40,"caption":"TIRING"},"image":{"@id":"https:\/\/www.tiring.si\/en\/#\/schema\/logo\/image\/"}}]}},"_links":{"self":[{"href":"https:\/\/www.tiring.si\/en\/wp-json\/wp\/v2\/pages\/143","targetHints":{"allow":["GET"]}}],"collection":[{"href":"https:\/\/www.tiring.si\/en\/wp-json\/wp\/v2\/pages"}],"about":[{"href":"https:\/\/www.tiring.si\/en\/wp-json\/wp\/v2\/types\/page"}],"author":[{"embeddable":true,"href":"https:\/\/www.tiring.si\/en\/wp-json\/wp\/v2\/users\/1"}],"replies":[{"embeddable":true,"href":"https:\/\/www.tiring.si\/en\/wp-json\/wp\/v2\/comments?post=143"}],"version-history":[{"count":6,"href":"https:\/\/www.tiring.si\/en\/wp-json\/wp\/v2\/pages\/143\/revisions"}],"predecessor-version":[{"id":252,"href":"https:\/\/www.tiring.si\/en\/wp-json\/wp\/v2\/pages\/143\/revisions\/252"}],"wp:attachment":[{"href":"https:\/\/www.tiring.si\/en\/wp-json\/wp\/v2\/media?parent=143"}],"curies":[{"name":"wp","href":"https:\/\/api.w.org\/{rel}","templated":true}]}}